{"id":53,"date":"2025-09-02T21:53:13","date_gmt":"2025-09-02T19:53:13","guid":{"rendered":"https:\/\/marcinantosz.pl\/sklep\/?post_type=product&#038;p=53"},"modified":"2025-09-02T21:55:38","modified_gmt":"2025-09-02T19:55:38","slug":"konsultacja-5x60-minut","status":"publish","type":"product","link":"https:\/\/marcinantosz.pl\/sklep\/produkt\/konsultacja-5x60-minut\/","title":{"rendered":"Konsultacja 5&#215;60 minut"},"content":{"rendered":"<p><b>Program Mentoringowy: Od Pomys\u0142u do Zysku \ud83d\ude80 (Pakiet 5 spotka\u0144 1:1)<\/b><\/p>\n<p><b>Dla kogo jest ten program?<\/b> \ud83d\udc49 Wiesz, \u017ce jedna godzina to za ma\u0142o. Potrzebujesz kompleksowego wsparcia i planu, kt\u00f3ry krok po kroku przeprowadzi Ci\u0119 od chaosu do pierwszych, regularnych przychod\u00f3w. \ud83d\udc49 Chcesz nie tylko zdoby\u0107 pierwszych klient\u00f3w, ale zbudowa\u0107 prosty system, kt\u00f3ry b\u0119dzie przyci\u0105ga\u0142 ich regularnie. \ud83d\udc49 My\u015blisz d\u0142ugofalowo. Chcesz od razu zbudowa\u0107 solidne fundamenty pod biznes online, kt\u00f3ry b\u0119dzie r\u00f3s\u0142 razem z Tob\u0105, bez poczucia przyt\u0142oczenia. \ud83d\udc49 Jeste\u015b gotowa na prawdziw\u0105 transformacj\u0119 \u2013 nie tylko w biznesie, ale te\u017c w Twoim my\u015bleniu o nim. Chcesz sta\u0107 si\u0119 pewn\u0105 siebie, skuteczn\u0105 przedsi\u0119biorczyni\u0105.<\/p>\n<p><b>Co osi\u0105gniemy przez 5 spotka\u0144? To nasza wsp\u00f3lna droga do Twojego sukcesu:<\/b><\/p>\n<ul>\n<li><b>Spotkanie 1: FUNDAMENTY I KLAROWNO\u015a\u0106<\/b> Zrobimy audyt Twojego pomys\u0142u i zasob\u00f3w. Zdefiniujemy Twoj\u0105 nisz\u0119 i idealn\u0105 klientk\u0119, tak by\u015b mia\u0142a absolutn\u0105 jasno\u015b\u0107, co, komu i dlaczego chcesz sprzedawa\u0107.<\/li>\n<li><b>Spotkanie 2: TWOJA WYMARZONA OFERTA<\/b> Zaprojektujemy lub dopracujemy Twoje produkty i us\u0142ugi. Stworzymy ofert\u0119, kt\u00f3rej Twoi klienci nie b\u0119d\u0105 mogli si\u0119 oprze\u0107 i ustalimy ceny, kt\u00f3re odzwierciedlaj\u0105 jej warto\u015b\u0107.<\/li>\n<li><b>Spotkanie 3: MARKETING, KT\u00d3RY PRZYCI\u0104GA<\/b> U\u0142o\u017cymy prosty, ale skuteczny plan marketingowy. Skupimy si\u0119 na autentycznej komunikacji, kt\u00f3ra buduje zaufanie i przyci\u0105ga klient\u00f3w, zamiast ich &#8222;nagabywa\u0107&#8221;. Zero skomplikowanych lejk\u00f3w!<\/li>\n<li><b>Spotkanie 4: PIERWSZA (I KOLEJNA) SPRZEDA\u017b<\/b> Opracujemy Twoj\u0105 \u015bcie\u017ck\u0119 klienta \u2013 od pierwszego kontaktu do zakupu. Prze\u0107wiczymy, jak rozmawia\u0107 o ofercie i sprzedawa\u0107 z lekko\u015bci\u0105 i pewno\u015bci\u0105 siebie.<\/li>\n<li><b>Spotkanie 5: PLAN ROZWOJU I AUTOMATYZACJA<\/b> Zaplanujemy Twoje dalsze kroki na najbli\u017csze miesi\u0105ce. Zastanowimy si\u0119, co mo\u017cesz zautomatyzowa\u0107, by oszcz\u0119dzi\u0107 czas i energi\u0119 na rozw\u00f3j biznesu, a nie gaszenie po\u017car\u00f3w.<\/li>\n<\/ul>\n","protected":false},"excerpt":{"rendered":"<p><b>Program Mentoringowy: Od Pomys\u0142u do Zysku \ud83d\ude80 (Pakiet 5 spotka\u0144 1:1)<\/b><\/p>\n<p><b>Dla kogo jest ten program?<\/b> \ud83d\udc49 Wiesz, \u017ce jedna godzina to za ma\u0142o. Potrzebujesz kompleksowego wsparcia i planu, kt\u00f3ry krok po kroku przeprowadzi Ci\u0119 od chaosu do pierwszych, regularnych przychod\u00f3w. \ud83d\udc49 Chcesz nie tylko zdoby\u0107 pierwszych klient\u00f3w, ale zbudowa\u0107 prosty system, kt\u00f3ry b\u0119dzie przyci\u0105ga\u0142 ich regularnie. \ud83d\udc49 My\u015blisz d\u0142ugofalowo. Chcesz od razu zbudowa\u0107 solidne fundamenty pod biznes online, kt\u00f3ry b\u0119dzie r\u00f3s\u0142 razem z Tob\u0105, bez poczucia przyt\u0142oczenia. \ud83d\udc49 Jeste\u015b gotowa na prawdziw\u0105 transformacj\u0119 \u2013 nie tylko w biznesie, ale te\u017c w Twoim my\u015bleniu o nim. Chcesz sta\u0107 si\u0119 pewn\u0105 siebie, skuteczn\u0105 przedsi\u0119biorczyni\u0105.<\/p>\n","protected":false},"featured_media":51,"comment_status":"open","ping_status":"closed","template":"","meta":[],"product_brand":[],"product_cat":[15],"product_tag":[],"class_list":{"0":"post-53","1":"product","2":"type-product","3":"status-publish","4":"has-post-thumbnail","6":"product_cat-bez-kategorii","8":"first","9":"instock","10":"sale","11":"downloadable","12":"virtual","13":"sold-individually","14":"taxable","15":"purchasable","16":"product-type-simple"},"_links":{"self":[{"href":"https:\/\/marcinantosz.pl\/sklep\/wp-json\/wp\/v2\/product\/53","targetHints":{"allow":["GET"]}}],"collection":[{"href":"https:\/\/marcinantosz.pl\/sklep\/wp-json\/wp\/v2\/product"}],"about":[{"href":"https:\/\/marcinantosz.pl\/sklep\/wp-json\/wp\/v2\/types\/product"}],"replies":[{"embeddable":true,"href":"https:\/\/marcinantosz.pl\/sklep\/wp-json\/wp\/v2\/comments?post=53"}],"wp:featuredmedia":[{"embeddable":true,"href":"https:\/\/marcinantosz.pl\/sklep\/wp-json\/wp\/v2\/media\/51"}],"wp:attachment":[{"href":"https:\/\/marcinantosz.pl\/sklep\/wp-json\/wp\/v2\/media?parent=53"}],"wp:term":[{"taxonomy":"product_brand","embeddable":true,"href":"https:\/\/marcinantosz.pl\/sklep\/wp-json\/wp\/v2\/product_brand?post=53"},{"taxonomy":"product_cat","embeddable":true,"href":"https:\/\/marcinantosz.pl\/sklep\/wp-json\/wp\/v2\/product_cat?post=53"},{"taxonomy":"product_tag","embeddable":true,"href":"https:\/\/marcinantosz.pl\/sklep\/wp-json\/wp\/v2\/product_tag?post=53"}],"curies":[{"name":"wp","href":"https:\/\/api.w.org\/{rel}","templated":true}]}}