{"id":29,"date":"2025-08-28T21:53:38","date_gmt":"2025-08-28T19:53:38","guid":{"rendered":"https:\/\/marcinantosz.pl\/sklep\/?post_type=product&#038;p=29"},"modified":"2025-09-02T21:47:52","modified_gmt":"2025-09-02T19:47:52","slug":"konsultacja-60-minut","status":"publish","type":"product","link":"https:\/\/marcinantosz.pl\/sklep\/produkt\/konsultacja-60-minut\/","title":{"rendered":"Konsultacja-60 minut"},"content":{"rendered":"<p><b>Tw\u00f3j Biznes Online &#8211; Spokojny Start \ud83c\udf3f Konsultacja Indywidualna 1:1 (60 minut)<\/b><\/p>\n<p><b>Czy to o Tobie?<\/b> \ud83d\udc49 Czujesz, \u017ce masz co\u015b cennego do zaoferowania \u015bwiatu, ale przyt\u0142acza Ci\u0119 my\u015bl o &#8222;prowadzeniu biznesu&#8221; i ca\u0142ej tej technologii? \ud83d\udc49 Ogl\u0105dasz inne kobiety, kt\u00f3re z sukcesem prowadz\u0105 swoje firmy online i my\u015blisz &#8222;te\u017c bym tak chcia\u0142a, ale&#8230; jak?&#8221; \ud83d\udc49 Brak Ci pewno\u015bci, czy Tw\u00f3j pomys\u0142 ma sens i czy kto\u015b naprawd\u0119 b\u0119dzie chcia\u0142 za to zap\u0142aci\u0107? \ud83d\udc49 Potrzebujesz kogo\u015b, kto spojrzy na Tw\u00f3j pomys\u0142 z boku, pomo\u017ce Ci go uporz\u0105dkowa\u0107 i poka\u017ce pierwsze, realne do zrobienia kroki?<\/p>\n<p><b>Czym mo\u017cemy si\u0119 zaj\u0105\u0107 podczas naszego spotkania?<\/b><\/p>\n<p>\ud83c\udf31 <b>Odkryjemy Tw\u00f3j Biznesowy Potencja\u0142:<\/b> Przeanalizujemy Twoje mocne strony i pasje, aby na ich podstawie zbudowa\u0107 unikaln\u0105 ofert\u0119. Zdefiniujemy Twoj\u0105 wymarzon\u0105 klientk\u0119, \u017ceby\u015b wiedzia\u0142a, do kogo i jak m\u00f3wi\u0107.<\/p>\n<p>\ud83d\uddfa\ufe0f <b>Zbudujemy Drog\u0119 do Pierwszych Klient\u00f3w:<\/b> Bez skomplikowanych strategii. Stworzymy prosty i autentyczny plan marketingowy. Opracujemy pomys\u0142y na tre\u015bci, kt\u00f3re przyci\u0105gn\u0105 w\u0142a\u015bciwe osoby i pomog\u0105 Ci zbudowa\u0107 zaufanie.<\/p>\n<p>\ud83d\udc8e <b>Zaprojektujemy Tw\u00f3j Pierwszy Produkt lub Us\u0142ug\u0119:<\/b> Wsp\u00f3lnie zrobimy burz\u0119 m\u00f3zg\u00f3w, by Tw\u00f3j pierwszy produkt by\u0142 idealnie dopasowany do potrzeb Twoich klientek. Pomog\u0119 Ci przej\u015b\u0107 przez proces od koncepcji, przez wycen\u0119, a\u017c po plan sprzeda\u017cy.<\/p>\n","protected":false},"excerpt":{"rendered":"<p><b>Czy to o Tobie?<\/b> \ud83d\udc49 Czujesz, \u017ce masz co\u015b cennego do zaoferowania \u015bwiatu, ale przyt\u0142acza Ci\u0119 my\u015bl o &#8222;prowadzeniu biznesu&#8221; i ca\u0142ej tej technologii? \ud83d\udc49 Ogl\u0105dasz inne kobiety, kt\u00f3re z sukcesem prowadz\u0105 swoje firmy online i my\u015blisz &#8222;te\u017c bym tak chcia\u0142a, ale&#8230; jak?&#8221; \ud83d\udc49 Brak Ci pewno\u015bci, czy Tw\u00f3j pomys\u0142 ma sens i czy kto\u015b naprawd\u0119 b\u0119dzie chcia\u0142 za to zap\u0142aci\u0107? \ud83d\udc49 Potrzebujesz kogo\u015b, kto spojrzy na Tw\u00f3j pomys\u0142 z boku, pomo\u017ce Ci go uporz\u0105dkowa\u0107 i poka\u017ce pierwsze, realne do zrobienia kroki?<\/p>\n","protected":false},"featured_media":52,"comment_status":"open","ping_status":"closed","template":"","meta":[],"product_brand":[],"product_cat":[15],"product_tag":[],"class_list":{"0":"post-29","1":"product","2":"type-product","3":"status-publish","4":"has-post-thumbnail","6":"product_cat-bez-kategorii","8":"first","9":"instock","10":"downloadable","11":"virtual","12":"sold-individually","13":"taxable","14":"purchasable","15":"product-type-simple"},"_links":{"self":[{"href":"https:\/\/marcinantosz.pl\/sklep\/wp-json\/wp\/v2\/product\/29","targetHints":{"allow":["GET"]}}],"collection":[{"href":"https:\/\/marcinantosz.pl\/sklep\/wp-json\/wp\/v2\/product"}],"about":[{"href":"https:\/\/marcinantosz.pl\/sklep\/wp-json\/wp\/v2\/types\/product"}],"replies":[{"embeddable":true,"href":"https:\/\/marcinantosz.pl\/sklep\/wp-json\/wp\/v2\/comments?post=29"}],"wp:featuredmedia":[{"embeddable":true,"href":"https:\/\/marcinantosz.pl\/sklep\/wp-json\/wp\/v2\/media\/52"}],"wp:attachment":[{"href":"https:\/\/marcinantosz.pl\/sklep\/wp-json\/wp\/v2\/media?parent=29"}],"wp:term":[{"taxonomy":"product_brand","embeddable":true,"href":"https:\/\/marcinantosz.pl\/sklep\/wp-json\/wp\/v2\/product_brand?post=29"},{"taxonomy":"product_cat","embeddable":true,"href":"https:\/\/marcinantosz.pl\/sklep\/wp-json\/wp\/v2\/product_cat?post=29"},{"taxonomy":"product_tag","embeddable":true,"href":"https:\/\/marcinantosz.pl\/sklep\/wp-json\/wp\/v2\/product_tag?post=29"}],"curies":[{"name":"wp","href":"https:\/\/api.w.org\/{rel}","templated":true}]}}